{"id":104,"date":"2026-04-12T23:35:49","date_gmt":"2026-04-12T23:35:49","guid":{"rendered":"https:\/\/sebastian-hoefer.de\/?page_id=104"},"modified":"2026-04-12T23:41:04","modified_gmt":"2026-04-12T23:41:04","slug":"ueber-mich","status":"publish","type":"page","link":"https:\/\/sebastian-hoefer.de\/index.php\/ueber-mich\/","title":{"rendered":"\u00dcber mich"},"content":{"rendered":"\n<p id=\"message\"><strong>Ich bin Medienmacher aus Plauen und verbinde journalistisches Handwerk mit langj\u00e4hriger Erfahrung aus der Wirtschaft. Mein beruflicher Weg begann als Industriekaufmann und f\u00fchrte mich sp\u00e4ter in die Position des kaufm\u00e4nnischen Leiters einer Gro\u00dfb\u00e4ckerei. Dort war ich verantwortlich f\u00fcr \u00fcber 15 Filialen, zwei Verkaufsfahrzeuge und ein gro\u00dfes Team. In dieser Zeit habe ich gelernt, wie Unternehmen funktionieren, wie Menschen arbeiten und was Kunden wirklich wollen.<\/strong><\/p>\n\n\n\n<figure class=\"wp-block-image size-large\"><img loading=\"lazy\" decoding=\"async\" width=\"1024\" height=\"609\" src=\"https:\/\/sebastian-hoefer.de\/wp-content\/uploads\/2026\/04\/Arbeit-VTV-Sebastian-Hoefer-Kai-Michael-Sprenger-Plauen-1024x609.jpg\" alt=\"Sebastian H\u00f6fer im Interview mit Dr. Kai-Michael Sprenger\" class=\"wp-image-41\" srcset=\"https:\/\/sebastian-hoefer.de\/wp-content\/uploads\/2026\/04\/Arbeit-VTV-Sebastian-Hoefer-Kai-Michael-Sprenger-Plauen-1024x609.jpg 1024w, https:\/\/sebastian-hoefer.de\/wp-content\/uploads\/2026\/04\/Arbeit-VTV-Sebastian-Hoefer-Kai-Michael-Sprenger-Plauen-300x178.jpg 300w, https:\/\/sebastian-hoefer.de\/wp-content\/uploads\/2026\/04\/Arbeit-VTV-Sebastian-Hoefer-Kai-Michael-Sprenger-Plauen-768x457.jpg 768w, https:\/\/sebastian-hoefer.de\/wp-content\/uploads\/2026\/04\/Arbeit-VTV-Sebastian-Hoefer-Kai-Michael-Sprenger-Plauen-1536x914.jpg 1536w, https:\/\/sebastian-hoefer.de\/wp-content\/uploads\/2026\/04\/Arbeit-VTV-Sebastian-Hoefer-Kai-Michael-Sprenger-Plauen.jpg 1920w\" sizes=\"auto, (max-width: 1024px) 100vw, 1024px\" \/><figcaption class=\"wp-element-caption\"><em>Sebastian H\u00f6fer im Interview mit Dr. Kai-Michael Sprenger<\/em><\/figcaption><\/figure>\n\n\n\n<p id=\"message\">Vor \u00fcber 16 Jahren bin ich in die Medienwelt gewechselt \u2013 ein Schritt, der schnell zu meiner Leidenschaft wurde. Seitdem arbeite ich als Videojournalist, Fotograf und Redakteur f\u00fcr regionale Tageszeitungen, Magazine, Onlineportale und TV\u2011Formate. Ich habe politische Besuche begleitet, bekannte K\u00fcnstler wie Nena, Matthias Reim oder Rea Garvey fotografiert und unz\u00e4hlige regionale Ereignisse dokumentiert.<\/p>\n\n\n\n<p id=\"message\">Mein Herz schl\u00e4gt f\u00fcr den Lokaljournalismus. Ich erz\u00e4hle Geschichten aus dem Vogtland \u2013 nah an Unternehmen, Menschen und Entwicklungen. Als Teil von Plattformen wie Spitzenstadt.de und Vogtland-TV arbeite ich mitten in der Region, die mich seit vielen Jahren pr\u00e4gt. Projekte wie Innenstadt-Kampagnen, Stadtmagazine und Veranstaltungsreihen z\u00e4hlen ebenso zu meinem Alltag wie klassische Reportagen und Social\u2011Media\u2011Formate.<\/p>\n\n\n\n<p id=\"message\">Seit 2008 bin ich zus\u00e4tzlich als Traditionsh\u00e4ndler auf dem Plauener Weihnachtsmarkt aktiv. Der direkte Austausch mit Menschen geh\u00f6rt f\u00fcr mich einfach dazu \u2013 und beeinflusst bis heute meine Art zu erz\u00e4hlen: authentisch, klar und glaubw\u00fcrdig.<\/p>\n\n\n\n<p id=\"message\">Heute bringe ich das Beste aus zwei Welten zusammen: wirtschaftliche Kompetenz und journalistisches Gesp\u00fcr. Ich wei\u00df, wie Unternehmen denken, wie Kunden entscheiden und wie Inhalte wirken. Genau daraus entstehen Reportagen, Videos und Geschichten, die gesehen werden.<\/p>\n\n\n\n<figure class=\"wp-block-gallery has-nested-images columns-default is-cropped wp-block-gallery-1 is-layout-flex wp-block-gallery-is-layout-flex\">\n<figure data-wp-context=\"{&quot;imageId&quot;:&quot;69dcd7a029e61&quot;}\" data-wp-interactive=\"core\/image\" data-wp-key=\"69dcd7a029e61\" class=\"wp-block-image size-full wp-lightbox-container\"><img loading=\"lazy\" decoding=\"async\" width=\"2560\" height=\"1920\" data-wp-class--hide=\"state.isContentHidden\" data-wp-class--show=\"state.isContentVisible\" data-wp-init=\"callbacks.setButtonStyles\" data-wp-on--click=\"actions.showLightbox\" data-wp-on--load=\"callbacks.setButtonStyles\" data-wp-on-window--resize=\"callbacks.setButtonStyles\" data-id=\"107\" src=\"https:\/\/sebastian-hoefer.de\/wp-content\/uploads\/2026\/04\/IMG_5580-scaled.jpg\" alt=\"\" class=\"wp-image-107\" srcset=\"https:\/\/sebastian-hoefer.de\/wp-content\/uploads\/2026\/04\/IMG_5580-scaled.jpg 2560w, https:\/\/sebastian-hoefer.de\/wp-content\/uploads\/2026\/04\/IMG_5580-300x225.jpg 300w, https:\/\/sebastian-hoefer.de\/wp-content\/uploads\/2026\/04\/IMG_5580-1024x768.jpg 1024w, https:\/\/sebastian-hoefer.de\/wp-content\/uploads\/2026\/04\/IMG_5580-768x576.jpg 768w, https:\/\/sebastian-hoefer.de\/wp-content\/uploads\/2026\/04\/IMG_5580-1536x1152.jpg 1536w, https:\/\/sebastian-hoefer.de\/wp-content\/uploads\/2026\/04\/IMG_5580-2048x1536.jpg 2048w\" sizes=\"auto, (max-width: 2560px) 100vw, 2560px\" \/><button\n\t\t\tclass=\"lightbox-trigger\"\n\t\t\ttype=\"button\"\n\t\t\taria-haspopup=\"dialog\"\n\t\t\taria-label=\"Vergr\u00f6\u00dfern\"\n\t\t\tdata-wp-init=\"callbacks.initTriggerButton\"\n\t\t\tdata-wp-on--click=\"actions.showLightbox\"\n\t\t\tdata-wp-style--right=\"state.imageButtonRight\"\n\t\t\tdata-wp-style--top=\"state.imageButtonTop\"\n\t\t>\n\t\t\t<svg xmlns=\"http:\/\/www.w3.org\/2000\/svg\" width=\"12\" height=\"12\" fill=\"none\" viewBox=\"0 0 12 12\">\n\t\t\t\t<path fill=\"#fff\" d=\"M2 0a2 2 0 0 0-2 2v2h1.5V2a.5.5 0 0 1 .5-.5h2V0H2Zm2 10.5H2a.5.5 0 0 1-.5-.5V8H0v2a2 2 0 0 0 2 2h2v-1.5ZM8 12v-1.5h2a.5.5 0 0 0 .5-.5V8H12v2a2 2 0 0 1-2 2H8Zm2-12a2 2 0 0 1 2 2v2h-1.5V2a.5.5 0 0 0-.5-.5H8V0h2Z\" \/>\n\t\t\t<\/svg>\n\t\t<\/button><\/figure>\n\n\n\n<figure data-wp-context=\"{&quot;imageId&quot;:&quot;69dcd7a029316&quot;}\" data-wp-interactive=\"core\/image\" data-wp-key=\"69dcd7a029316\" class=\"wp-block-image size-full wp-lightbox-container\"><img loading=\"lazy\" decoding=\"async\" width=\"720\" height=\"478\" data-wp-class--hide=\"state.isContentHidden\" data-wp-class--show=\"state.isContentVisible\" data-wp-init=\"callbacks.setButtonStyles\" data-wp-on--click=\"actions.showLightbox\" data-wp-on--load=\"callbacks.setButtonStyles\" data-wp-on-window--resize=\"callbacks.setButtonStyles\" data-id=\"105\" src=\"https:\/\/sebastian-hoefer.de\/wp-content\/uploads\/2026\/04\/Hausmeister-Sebastian-Hoefer-Juergen-Drews-Liveinterview.jpg\" alt=\"\" class=\"wp-image-105\" srcset=\"https:\/\/sebastian-hoefer.de\/wp-content\/uploads\/2026\/04\/Hausmeister-Sebastian-Hoefer-Juergen-Drews-Liveinterview.jpg 720w, https:\/\/sebastian-hoefer.de\/wp-content\/uploads\/2026\/04\/Hausmeister-Sebastian-Hoefer-Juergen-Drews-Liveinterview-300x199.jpg 300w, https:\/\/sebastian-hoefer.de\/wp-content\/uploads\/2026\/04\/Hausmeister-Sebastian-Hoefer-Juergen-Drews-Liveinterview-360x240.jpg 360w\" sizes=\"auto, (max-width: 720px) 100vw, 720px\" \/><button\n\t\t\tclass=\"lightbox-trigger\"\n\t\t\ttype=\"button\"\n\t\t\taria-haspopup=\"dialog\"\n\t\t\taria-label=\"Vergr\u00f6\u00dfern\"\n\t\t\tdata-wp-init=\"callbacks.initTriggerButton\"\n\t\t\tdata-wp-on--click=\"actions.showLightbox\"\n\t\t\tdata-wp-style--right=\"state.imageButtonRight\"\n\t\t\tdata-wp-style--top=\"state.imageButtonTop\"\n\t\t>\n\t\t\t<svg xmlns=\"http:\/\/www.w3.org\/2000\/svg\" width=\"12\" height=\"12\" fill=\"none\" viewBox=\"0 0 12 12\">\n\t\t\t\t<path fill=\"#fff\" d=\"M2 0a2 2 0 0 0-2 2v2h1.5V2a.5.5 0 0 1 .5-.5h2V0H2Zm2 10.5H2a.5.5 0 0 1-.5-.5V8H0v2a2 2 0 0 0 2 2h2v-1.5ZM8 12v-1.5h2a.5.5 0 0 0 .5-.5V8H12v2a2 2 0 0 1-2 2H8Zm2-12a2 2 0 0 1 2 2v2h-1.5V2a.5.5 0 0 0-.5-.5H8V0h2Z\" \/>\n\t\t\t<\/svg>\n\t\t<\/button><\/figure>\n\n\n\n<figure data-wp-context=\"{&quot;imageId&quot;:&quot;69dcd7a02848e&quot;}\" data-wp-interactive=\"core\/image\" data-wp-key=\"69dcd7a02848e\" class=\"wp-block-image size-full wp-lightbox-container\"><img loading=\"lazy\" decoding=\"async\" width=\"1920\" height=\"1440\" data-wp-class--hide=\"state.isContentHidden\" data-wp-class--show=\"state.isContentVisible\" data-wp-init=\"callbacks.setButtonStyles\" data-wp-on--click=\"actions.showLightbox\" data-wp-on--load=\"callbacks.setButtonStyles\" data-wp-on-window--resize=\"callbacks.setButtonStyles\" data-id=\"74\" src=\"https:\/\/sebastian-hoefer.de\/wp-content\/uploads\/2026\/04\/IMG_9485.jpg\" alt=\"Sebastian H\u00f6fer\" class=\"wp-image-74\" srcset=\"https:\/\/sebastian-hoefer.de\/wp-content\/uploads\/2026\/04\/IMG_9485.jpg 1920w, https:\/\/sebastian-hoefer.de\/wp-content\/uploads\/2026\/04\/IMG_9485-300x225.jpg 300w, https:\/\/sebastian-hoefer.de\/wp-content\/uploads\/2026\/04\/IMG_9485-1024x768.jpg 1024w, https:\/\/sebastian-hoefer.de\/wp-content\/uploads\/2026\/04\/IMG_9485-768x576.jpg 768w, https:\/\/sebastian-hoefer.de\/wp-content\/uploads\/2026\/04\/IMG_9485-1536x1152.jpg 1536w\" sizes=\"auto, (max-width: 1920px) 100vw, 1920px\" \/><button\n\t\t\tclass=\"lightbox-trigger\"\n\t\t\ttype=\"button\"\n\t\t\taria-haspopup=\"dialog\"\n\t\t\taria-label=\"Vergr\u00f6\u00dfern\"\n\t\t\tdata-wp-init=\"callbacks.initTriggerButton\"\n\t\t\tdata-wp-on--click=\"actions.showLightbox\"\n\t\t\tdata-wp-style--right=\"state.imageButtonRight\"\n\t\t\tdata-wp-style--top=\"state.imageButtonTop\"\n\t\t>\n\t\t\t<svg xmlns=\"http:\/\/www.w3.org\/2000\/svg\" width=\"12\" height=\"12\" fill=\"none\" viewBox=\"0 0 12 12\">\n\t\t\t\t<path fill=\"#fff\" d=\"M2 0a2 2 0 0 0-2 2v2h1.5V2a.5.5 0 0 1 .5-.5h2V0H2Zm2 10.5H2a.5.5 0 0 1-.5-.5V8H0v2a2 2 0 0 0 2 2h2v-1.5ZM8 12v-1.5h2a.5.5 0 0 0 .5-.5V8H12v2a2 2 0 0 1-2 2H8Zm2-12a2 2 0 0 1 2 2v2h-1.5V2a.5.5 0 0 0-.5-.5H8V0h2Z\" \/>\n\t\t\t<\/svg>\n\t\t<\/button><\/figure>\n\n\n\n<figure data-wp-context=\"{&quot;imageId&quot;:&quot;69dcd7a029901&quot;}\" data-wp-interactive=\"core\/image\" data-wp-key=\"69dcd7a029901\" class=\"wp-block-image size-full wp-lightbox-container\"><img loading=\"lazy\" decoding=\"async\" width=\"720\" height=\"478\" data-wp-class--hide=\"state.isContentHidden\" data-wp-class--show=\"state.isContentVisible\" data-wp-init=\"callbacks.setButtonStyles\" data-wp-on--click=\"actions.showLightbox\" data-wp-on--load=\"callbacks.setButtonStyles\" data-wp-on-window--resize=\"callbacks.setButtonStyles\" data-id=\"106\" src=\"https:\/\/sebastian-hoefer.de\/wp-content\/uploads\/2026\/04\/Medien-unter-sich-Sebastian-Hoefer.jpg\" alt=\"\" class=\"wp-image-106\" srcset=\"https:\/\/sebastian-hoefer.de\/wp-content\/uploads\/2026\/04\/Medien-unter-sich-Sebastian-Hoefer.jpg 720w, https:\/\/sebastian-hoefer.de\/wp-content\/uploads\/2026\/04\/Medien-unter-sich-Sebastian-Hoefer-300x199.jpg 300w, https:\/\/sebastian-hoefer.de\/wp-content\/uploads\/2026\/04\/Medien-unter-sich-Sebastian-Hoefer-360x240.jpg 360w\" sizes=\"auto, (max-width: 720px) 100vw, 720px\" \/><button\n\t\t\tclass=\"lightbox-trigger\"\n\t\t\ttype=\"button\"\n\t\t\taria-haspopup=\"dialog\"\n\t\t\taria-label=\"Vergr\u00f6\u00dfern\"\n\t\t\tdata-wp-init=\"callbacks.initTriggerButton\"\n\t\t\tdata-wp-on--click=\"actions.showLightbox\"\n\t\t\tdata-wp-style--right=\"state.imageButtonRight\"\n\t\t\tdata-wp-style--top=\"state.imageButtonTop\"\n\t\t>\n\t\t\t<svg xmlns=\"http:\/\/www.w3.org\/2000\/svg\" width=\"12\" height=\"12\" fill=\"none\" viewBox=\"0 0 12 12\">\n\t\t\t\t<path fill=\"#fff\" d=\"M2 0a2 2 0 0 0-2 2v2h1.5V2a.5.5 0 0 1 .5-.5h2V0H2Zm2 10.5H2a.5.5 0 0 1-.5-.5V8H0v2a2 2 0 0 0 2 2h2v-1.5ZM8 12v-1.5h2a.5.5 0 0 0 .5-.5V8H12v2a2 2 0 0 1-2 2H8Zm2-12a2 2 0 0 1 2 2v2h-1.5V2a.5.5 0 0 0-.5-.5H8V0h2Z\" \/>\n\t\t\t<\/svg>\n\t\t<\/button><\/figure>\n\n\n\n<figure data-wp-context=\"{&quot;imageId&quot;:&quot;69dcd7a028cf2&quot;}\" data-wp-interactive=\"core\/image\" data-wp-key=\"69dcd7a028cf2\" class=\"wp-block-image size-full wp-lightbox-container\"><img loading=\"lazy\" decoding=\"async\" width=\"1920\" height=\"1275\" data-wp-class--hide=\"state.isContentHidden\" data-wp-class--show=\"state.isContentVisible\" data-wp-init=\"callbacks.setButtonStyles\" data-wp-on--click=\"actions.showLightbox\" data-wp-on--load=\"callbacks.setButtonStyles\" data-wp-on-window--resize=\"callbacks.setButtonStyles\" data-id=\"63\" src=\"https:\/\/sebastian-hoefer.de\/wp-content\/uploads\/2026\/04\/Einsatz-Unter-Tage-Sebastian-Hoefer-Kamera-Reportage.jpg\" alt=\"\" class=\"wp-image-63\" srcset=\"https:\/\/sebastian-hoefer.de\/wp-content\/uploads\/2026\/04\/Einsatz-Unter-Tage-Sebastian-Hoefer-Kamera-Reportage.jpg 1920w, https:\/\/sebastian-hoefer.de\/wp-content\/uploads\/2026\/04\/Einsatz-Unter-Tage-Sebastian-Hoefer-Kamera-Reportage-300x199.jpg 300w, https:\/\/sebastian-hoefer.de\/wp-content\/uploads\/2026\/04\/Einsatz-Unter-Tage-Sebastian-Hoefer-Kamera-Reportage-1024x680.jpg 1024w, https:\/\/sebastian-hoefer.de\/wp-content\/uploads\/2026\/04\/Einsatz-Unter-Tage-Sebastian-Hoefer-Kamera-Reportage-768x510.jpg 768w, https:\/\/sebastian-hoefer.de\/wp-content\/uploads\/2026\/04\/Einsatz-Unter-Tage-Sebastian-Hoefer-Kamera-Reportage-1536x1020.jpg 1536w, https:\/\/sebastian-hoefer.de\/wp-content\/uploads\/2026\/04\/Einsatz-Unter-Tage-Sebastian-Hoefer-Kamera-Reportage-360x240.jpg 360w\" sizes=\"auto, (max-width: 1920px) 100vw, 1920px\" \/><button\n\t\t\tclass=\"lightbox-trigger\"\n\t\t\ttype=\"button\"\n\t\t\taria-haspopup=\"dialog\"\n\t\t\taria-label=\"Vergr\u00f6\u00dfern\"\n\t\t\tdata-wp-init=\"callbacks.initTriggerButton\"\n\t\t\tdata-wp-on--click=\"actions.showLightbox\"\n\t\t\tdata-wp-style--right=\"state.imageButtonRight\"\n\t\t\tdata-wp-style--top=\"state.imageButtonTop\"\n\t\t>\n\t\t\t<svg xmlns=\"http:\/\/www.w3.org\/2000\/svg\" width=\"12\" height=\"12\" fill=\"none\" viewBox=\"0 0 12 12\">\n\t\t\t\t<path fill=\"#fff\" d=\"M2 0a2 2 0 0 0-2 2v2h1.5V2a.5.5 0 0 1 .5-.5h2V0H2Zm2 10.5H2a.5.5 0 0 1-.5-.5V8H0v2a2 2 0 0 0 2 2h2v-1.5ZM8 12v-1.5h2a.5.5 0 0 0 .5-.5V8H12v2a2 2 0 0 1-2 2H8Zm2-12a2 2 0 0 1 2 2v2h-1.5V2a.5.5 0 0 0-.5-.5H8V0h2Z\" \/>\n\t\t\t<\/svg>\n\t\t<\/button><\/figure>\n<\/figure>\n\n\n\n<div style=\"height:82px\" aria-hidden=\"true\" class=\"wp-block-spacer\"><\/div>\n","protected":false},"excerpt":{"rendered":"<p>Ich bin Medienmacher aus Plauen und verbinde journalistisches Handwerk mit langj\u00e4hriger Erfahrung aus der Wirtschaft. Mein beruflicher Weg begann als Industriekaufmann und f\u00fchrte mich sp\u00e4ter in die Position des kaufm\u00e4nnischen Leiters einer Gro\u00dfb\u00e4ckerei. Dort war ich verantwortlich f\u00fcr \u00fcber 15 Filialen, zwei Verkaufsfahrzeuge und ein gro\u00dfes Team. In dieser Zeit [&hellip;]<\/p>\n","protected":false},"author":1,"featured_media":71,"parent":0,"menu_order":0,"comment_status":"closed","ping_status":"closed","template":"","meta":{"footnotes":""},"class_list":["post-104","page","type-page","status-publish","has-post-thumbnail","hentry"],"_links":{"self":[{"href":"https:\/\/sebastian-hoefer.de\/index.php\/wp-json\/wp\/v2\/pages\/104","targetHints":{"allow":["GET"]}}],"collection":[{"href":"https:\/\/sebastian-hoefer.de\/index.php\/wp-json\/wp\/v2\/pages"}],"about":[{"href":"https:\/\/sebastian-hoefer.de\/index.php\/wp-json\/wp\/v2\/types\/page"}],"author":[{"embeddable":true,"href":"https:\/\/sebastian-hoefer.de\/index.php\/wp-json\/wp\/v2\/users\/1"}],"replies":[{"embeddable":true,"href":"https:\/\/sebastian-hoefer.de\/index.php\/wp-json\/wp\/v2\/comments?post=104"}],"version-history":[{"count":3,"href":"https:\/\/sebastian-hoefer.de\/index.php\/wp-json\/wp\/v2\/pages\/104\/revisions"}],"predecessor-version":[{"id":113,"href":"https:\/\/sebastian-hoefer.de\/index.php\/wp-json\/wp\/v2\/pages\/104\/revisions\/113"}],"wp:featuredmedia":[{"embeddable":true,"href":"https:\/\/sebastian-hoefer.de\/index.php\/wp-json\/wp\/v2\/media\/71"}],"wp:attachment":[{"href":"https:\/\/sebastian-hoefer.de\/index.php\/wp-json\/wp\/v2\/media?parent=104"}],"curies":[{"name":"wp","href":"https:\/\/api.w.org\/{rel}","templated":true}]}}