{"id":32,"date":"2026-04-12T21:37:37","date_gmt":"2026-04-12T21:37:37","guid":{"rendered":"https:\/\/sebastian-hoefer.de\/?page_id=32"},"modified":"2026-04-12T23:47:18","modified_gmt":"2026-04-12T23:47:18","slug":"start","status":"publish","type":"page","link":"https:\/\/sebastian-hoefer.de\/","title":{"rendered":"Start"},"content":{"rendered":"\n<div class=\"wp-block-cover alignfull is-light hestia-clear-top-padding\"><span aria-hidden=\"true\" class=\"wp-block-cover__background has-white-background-color has-background-dim-100 has-background-dim\"><\/span><div class=\"wp-block-cover__inner-container is-layout-flow wp-block-cover-is-layout-flow\">\n<div style=\"height:24px\" aria-hidden=\"true\" class=\"wp-block-spacer\"><\/div>\n\n\n\n<h2 class=\"wp-block-heading has-text-align-center has-text-color\" style=\"color:#3c4858\">Medienmacher mit journalistischer Seele<\/h2>\n\n\n\n<div style=\"height:10px\" aria-hidden=\"true\" class=\"wp-block-spacer\"><\/div>\n\n\n\n<div class=\"wp-block-columns container is-layout-flex wp-container-core-columns-is-layout-28f84493 wp-block-columns-is-layout-flex\">\n<div class=\"wp-block-column is-layout-flow wp-block-column-is-layout-flow\"><div class=\"wp-block-image\">\n<figure data-wp-context=\"{&quot;imageId&quot;:&quot;69dcc47ea4c7e&quot;}\" data-wp-interactive=\"core\/image\" data-wp-key=\"69dcc47ea4c7e\" class=\"aligncenter size-large is-resized wp-lightbox-container\"><img loading=\"lazy\" decoding=\"async\" width=\"1024\" height=\"595\" data-wp-class--hide=\"state.isContentHidden\" data-wp-class--show=\"state.isContentVisible\" data-wp-init=\"callbacks.setButtonStyles\" data-wp-on--click=\"actions.showLightbox\" data-wp-on--load=\"callbacks.setButtonStyles\" data-wp-on-window--resize=\"callbacks.setButtonStyles\" src=\"https:\/\/sebastian-hoefer.de\/wp-content\/uploads\/2026\/04\/IMG_4261-1024x595.jpg\" alt=\"\" class=\"wp-image-61\" style=\"aspect-ratio:1.7209909420084426;width:253px;height:auto\" srcset=\"https:\/\/sebastian-hoefer.de\/wp-content\/uploads\/2026\/04\/IMG_4261-1024x595.jpg 1024w, https:\/\/sebastian-hoefer.de\/wp-content\/uploads\/2026\/04\/IMG_4261-300x174.jpg 300w, https:\/\/sebastian-hoefer.de\/wp-content\/uploads\/2026\/04\/IMG_4261-768x446.jpg 768w, https:\/\/sebastian-hoefer.de\/wp-content\/uploads\/2026\/04\/IMG_4261-1536x892.jpg 1536w, https:\/\/sebastian-hoefer.de\/wp-content\/uploads\/2026\/04\/IMG_4261.jpg 1920w\" sizes=\"auto, (max-width: 1024px) 100vw, 1024px\" \/><button\n\t\t\tclass=\"lightbox-trigger\"\n\t\t\ttype=\"button\"\n\t\t\taria-haspopup=\"dialog\"\n\t\t\taria-label=\"Vergr\u00f6\u00dfern\"\n\t\t\tdata-wp-init=\"callbacks.initTriggerButton\"\n\t\t\tdata-wp-on--click=\"actions.showLightbox\"\n\t\t\tdata-wp-style--right=\"state.imageButtonRight\"\n\t\t\tdata-wp-style--top=\"state.imageButtonTop\"\n\t\t>\n\t\t\t<svg xmlns=\"http:\/\/www.w3.org\/2000\/svg\" width=\"12\" height=\"12\" fill=\"none\" viewBox=\"0 0 12 12\">\n\t\t\t\t<path fill=\"#fff\" d=\"M2 0a2 2 0 0 0-2 2v2h1.5V2a.5.5 0 0 1 .5-.5h2V0H2Zm2 10.5H2a.5.5 0 0 1-.5-.5V8H0v2a2 2 0 0 0 2 2h2v-1.5ZM8 12v-1.5h2a.5.5 0 0 0 .5-.5V8H12v2a2 2 0 0 1-2 2H8Zm2-12a2 2 0 0 1 2 2v2h-1.5V2a.5.5 0 0 0-.5-.5H8V0h2Z\" \/>\n\t\t\t<\/svg>\n\t\t<\/button><\/figure>\n<\/div>\n\n\n<h5 class=\"wp-block-heading has-text-align-center has-text-color\" style=\"color:#3c4858;font-size:22px\">Langj\u00e4hrige Erfahrung<\/h5>\n\n\n\n<p class=\"has-text-align-center has-text-color\" style=\"color:#999999;font-size:18px\">Ich bin Medienmacher aus Plauen und verbinde journalistische Erfahrung mit wirtschaftlichem Know-how. Seit \u00fcber 16 Jahren arbeite ich als Videojournalist, Fotograf und Redakteur, unter anderem f\u00fcr Spitzenstadt.de, Vogtland-TV und verschiedene regionale Print- und Onlineformate.<\/p>\n\n\n\n<div style=\"height:25px\" aria-hidden=\"true\" class=\"wp-block-spacer\"><\/div>\n<\/div>\n\n\n\n<div class=\"wp-block-column is-layout-flow wp-block-column-is-layout-flow\"><div class=\"wp-block-image\">\n<figure data-wp-context=\"{&quot;imageId&quot;:&quot;69dcc47ea5b86&quot;}\" data-wp-interactive=\"core\/image\" data-wp-key=\"69dcc47ea5b86\" class=\"aligncenter size-full is-resized wp-lightbox-container\"><img loading=\"lazy\" decoding=\"async\" width=\"1920\" height=\"1118\" data-wp-class--hide=\"state.isContentHidden\" data-wp-class--show=\"state.isContentVisible\" data-wp-init=\"callbacks.setButtonStyles\" data-wp-on--click=\"actions.showLightbox\" data-wp-on--load=\"callbacks.setButtonStyles\" data-wp-on-window--resize=\"callbacks.setButtonStyles\" src=\"https:\/\/sebastian-hoefer.de\/wp-content\/uploads\/2026\/04\/IMG_1635.jpg\" alt=\"\" class=\"wp-image-60\" style=\"aspect-ratio:1.7172592780515228;width:254px;height:auto\" srcset=\"https:\/\/sebastian-hoefer.de\/wp-content\/uploads\/2026\/04\/IMG_1635.jpg 1920w, https:\/\/sebastian-hoefer.de\/wp-content\/uploads\/2026\/04\/IMG_1635-300x175.jpg 300w, https:\/\/sebastian-hoefer.de\/wp-content\/uploads\/2026\/04\/IMG_1635-1024x596.jpg 1024w, https:\/\/sebastian-hoefer.de\/wp-content\/uploads\/2026\/04\/IMG_1635-768x447.jpg 768w, https:\/\/sebastian-hoefer.de\/wp-content\/uploads\/2026\/04\/IMG_1635-1536x894.jpg 1536w\" sizes=\"auto, (max-width: 1920px) 100vw, 1920px\" \/><button\n\t\t\tclass=\"lightbox-trigger\"\n\t\t\ttype=\"button\"\n\t\t\taria-haspopup=\"dialog\"\n\t\t\taria-label=\"Vergr\u00f6\u00dfern\"\n\t\t\tdata-wp-init=\"callbacks.initTriggerButton\"\n\t\t\tdata-wp-on--click=\"actions.showLightbox\"\n\t\t\tdata-wp-style--right=\"state.imageButtonRight\"\n\t\t\tdata-wp-style--top=\"state.imageButtonTop\"\n\t\t>\n\t\t\t<svg xmlns=\"http:\/\/www.w3.org\/2000\/svg\" width=\"12\" height=\"12\" fill=\"none\" viewBox=\"0 0 12 12\">\n\t\t\t\t<path fill=\"#fff\" d=\"M2 0a2 2 0 0 0-2 2v2h1.5V2a.5.5 0 0 1 .5-.5h2V0H2Zm2 10.5H2a.5.5 0 0 1-.5-.5V8H0v2a2 2 0 0 0 2 2h2v-1.5ZM8 12v-1.5h2a.5.5 0 0 0 .5-.5V8H12v2a2 2 0 0 1-2 2H8Zm2-12a2 2 0 0 1 2 2v2h-1.5V2a.5.5 0 0 0-.5-.5H8V0h2Z\" \/>\n\t\t\t<\/svg>\n\t\t<\/button><\/figure>\n<\/div>\n\n\n<h5 class=\"wp-block-heading has-text-align-center has-text-color\" style=\"color:#3c4858;font-size:22px\">Lokaljournalismus<\/h5>\n\n\n\n<p class=\"has-text-align-center has-text-color\" style=\"color:#999999;font-size:18px\">Meine journalistischen Schwerpunkte liegen im Lokalgeschehen, in Wirtschaftsprojekten sowie in der regionalen Veranstaltungs- und Kulturberichterstattung. Ich bin damit nah an Entwicklungen, Geschichten und Akteuren der Region dran. Ich habe den Anspruch, Geschichten klar, authentisch und wirksam zu erz\u00e4hlen.<\/p>\n\n\n\n<div style=\"height:25px\" aria-hidden=\"true\" class=\"wp-block-spacer\"><\/div>\n<\/div>\n\n\n\n<div class=\"wp-block-column is-layout-flow wp-block-column-is-layout-flow\"><div class=\"wp-block-image\">\n<figure data-wp-context=\"{&quot;imageId&quot;:&quot;69dcc47ea63e7&quot;}\" data-wp-interactive=\"core\/image\" data-wp-key=\"69dcc47ea63e7\" class=\"aligncenter size-full is-resized wp-lightbox-container\"><img loading=\"lazy\" decoding=\"async\" width=\"1920\" height=\"1093\" data-wp-class--hide=\"state.isContentHidden\" data-wp-class--show=\"state.isContentVisible\" data-wp-init=\"callbacks.setButtonStyles\" data-wp-on--click=\"actions.showLightbox\" data-wp-on--load=\"callbacks.setButtonStyles\" data-wp-on-window--resize=\"callbacks.setButtonStyles\" src=\"https:\/\/sebastian-hoefer.de\/wp-content\/uploads\/2026\/04\/IMG_0876.jpg\" alt=\"\" class=\"wp-image-59\" style=\"aspect-ratio:1.7172592780515228;width:254px;height:auto\" srcset=\"https:\/\/sebastian-hoefer.de\/wp-content\/uploads\/2026\/04\/IMG_0876.jpg 1920w, https:\/\/sebastian-hoefer.de\/wp-content\/uploads\/2026\/04\/IMG_0876-300x171.jpg 300w, https:\/\/sebastian-hoefer.de\/wp-content\/uploads\/2026\/04\/IMG_0876-1024x583.jpg 1024w, https:\/\/sebastian-hoefer.de\/wp-content\/uploads\/2026\/04\/IMG_0876-768x437.jpg 768w, https:\/\/sebastian-hoefer.de\/wp-content\/uploads\/2026\/04\/IMG_0876-1536x874.jpg 1536w\" sizes=\"auto, (max-width: 1920px) 100vw, 1920px\" \/><button\n\t\t\tclass=\"lightbox-trigger\"\n\t\t\ttype=\"button\"\n\t\t\taria-haspopup=\"dialog\"\n\t\t\taria-label=\"Vergr\u00f6\u00dfern\"\n\t\t\tdata-wp-init=\"callbacks.initTriggerButton\"\n\t\t\tdata-wp-on--click=\"actions.showLightbox\"\n\t\t\tdata-wp-style--right=\"state.imageButtonRight\"\n\t\t\tdata-wp-style--top=\"state.imageButtonTop\"\n\t\t>\n\t\t\t<svg xmlns=\"http:\/\/www.w3.org\/2000\/svg\" width=\"12\" height=\"12\" fill=\"none\" viewBox=\"0 0 12 12\">\n\t\t\t\t<path fill=\"#fff\" d=\"M2 0a2 2 0 0 0-2 2v2h1.5V2a.5.5 0 0 1 .5-.5h2V0H2Zm2 10.5H2a.5.5 0 0 1-.5-.5V8H0v2a2 2 0 0 0 2 2h2v-1.5ZM8 12v-1.5h2a.5.5 0 0 0 .5-.5V8H12v2a2 2 0 0 1-2 2H8Zm2-12a2 2 0 0 1 2 2v2h-1.5V2a.5.5 0 0 0-.5-.5H8V0h2Z\" \/>\n\t\t\t<\/svg>\n\t\t<\/button><\/figure>\n<\/div>\n\n\n<h5 class=\"wp-block-heading has-text-align-center has-text-color\" style=\"color:#3c4858;font-size:22px\">Eingespieltes Team<\/h5>\n\n\n\n<p class=\"has-text-align-center has-text-color\" style=\"color:#999999;font-size:19px\">Durch meine Erfahrung in Journalismus, Video und Fotografie sorg ich f\u00fcr Inhalte, die Reichweite erzielen und Vertrauen schaffen. Jede Produktion entsteht in enger Zusammenarbeit mit einem eingespielten Team aus Kamera, Redaktion und Postproduktion \u2013 f\u00fcr zuverl\u00e4ssige Abl\u00e4ufe, saubere Qualit\u00e4t und Ergebnisse, die wirken.<\/p>\n\n\n\n<div style=\"height:25px\" aria-hidden=\"true\" class=\"wp-block-spacer\"><\/div>\n<\/div>\n<\/div>\n\n\n\n<div style=\"height:40px\" aria-hidden=\"true\" class=\"wp-block-spacer\"><\/div>\n<\/div><\/div>\n\n\n\n<div class=\"wp-block-columns container is-layout-flex wp-container-core-columns-is-layout-28f84493 wp-block-columns-is-layout-flex\">\n<div class=\"wp-block-column col-md-5 is-layout-flow wp-block-column-is-layout-flow\">\n<div style=\"height:55px\" aria-hidden=\"true\" class=\"wp-block-spacer\"><\/div>\n\n\n\n<h2 class=\"wp-block-heading\"><strong>Professionelle Inhalte f\u00fcr Ihre Reichweite<\/strong><\/h2>\n\n\n\n<p>Ich erstelle journalistisch aufgearbeitete Unternehmens\u2011Features mit Reportage, Fotos und Ver\u00f6ffentlichung f\u00fcr maximale lokale Sichtbarkeit. Erfolgreich produziere ich kurze, moderne Social\u2011Media\u2011Videos und Reels, die online f\u00fcr Aufmerksamkeit sorgen wie die Lokalserie &#8222;Einkaufen in Plauen \u2013 echt &amp; lokal&#8220;. F\u00fcr gr\u00f6\u00dfere Kommunikationsziele kombiniere ich mehrere Formate zu wirkungsvollen Kampagnen, die Reichweite schaffen und Inhalte gezielt in der Region platzieren.<\/p>\n<\/div>\n<\/div>\n","protected":false},"excerpt":{"rendered":"<p>Professionelle Inhalte f\u00fcr Ihre Reichweite Ich erstelle journalistisch aufgearbeitete Unternehmens\u2011Features mit Reportage, Fotos und Ver\u00f6ffentlichung f\u00fcr maximale lokale Sichtbarkeit. Erfolgreich produziere ich kurze, moderne Social\u2011Media\u2011Videos und Reels, die online f\u00fcr Aufmerksamkeit sorgen wie die Lokalserie &#8222;Einkaufen in Plauen \u2013 echt &amp; lokal&#8220;. F\u00fcr gr\u00f6\u00dfere Kommunikationsziele kombiniere ich mehrere Formate zu [&hellip;]<\/p>\n","protected":false},"author":1,"featured_media":71,"parent":0,"menu_order":0,"comment_status":"closed","ping_status":"closed","template":"","meta":{"footnotes":""},"class_list":["post-32","page","type-page","status-publish","has-post-thumbnail","hentry"],"_links":{"self":[{"href":"https:\/\/sebastian-hoefer.de\/index.php\/wp-json\/wp\/v2\/pages\/32","targetHints":{"allow":["GET"]}}],"collection":[{"href":"https:\/\/sebastian-hoefer.de\/index.php\/wp-json\/wp\/v2\/pages"}],"about":[{"href":"https:\/\/sebastian-hoefer.de\/index.php\/wp-json\/wp\/v2\/types\/page"}],"author":[{"embeddable":true,"href":"https:\/\/sebastian-hoefer.de\/index.php\/wp-json\/wp\/v2\/users\/1"}],"replies":[{"embeddable":true,"href":"https:\/\/sebastian-hoefer.de\/index.php\/wp-json\/wp\/v2\/comments?post=32"}],"version-history":[{"count":17,"href":"https:\/\/sebastian-hoefer.de\/index.php\/wp-json\/wp\/v2\/pages\/32\/revisions"}],"predecessor-version":[{"id":120,"href":"https:\/\/sebastian-hoefer.de\/index.php\/wp-json\/wp\/v2\/pages\/32\/revisions\/120"}],"wp:featuredmedia":[{"embeddable":true,"href":"https:\/\/sebastian-hoefer.de\/index.php\/wp-json\/wp\/v2\/media\/71"}],"wp:attachment":[{"href":"https:\/\/sebastian-hoefer.de\/index.php\/wp-json\/wp\/v2\/media?parent=32"}],"curies":[{"name":"wp","href":"https:\/\/api.w.org\/{rel}","templated":true}]}}