{"id":97,"date":"2026-04-12T23:21:51","date_gmt":"2026-04-12T23:21:51","guid":{"rendered":"https:\/\/sebastian-hoefer.de\/?page_id=97"},"modified":"2026-04-12T23:23:44","modified_gmt":"2026-04-12T23:23:44","slug":"impressum","status":"publish","type":"page","link":"https:\/\/sebastian-hoefer.de\/index.php\/impressum\/","title":{"rendered":"Impressum"},"content":{"rendered":"\n<p><strong>Angaben gem\u00e4\u00df \u00a7 5 TMG \/ \u00a7 18 Abs. 2 MStV<\/strong><\/p>\n\n\n\n<p><strong>Sebastian H\u00f6fer<\/strong><br>R\u00f6ntgenstra\u00dfe 41<br>08529 Plauen<br>Deutschland<\/p>\n\n\n\n<p><strong>Kontakt:<\/strong><br>Telefon: +49 (0) 176 10361911<br>E\u2011Mail: sebastian.hoefer@spitzenstadt.de<\/p>\n\n\n\n<p><strong>Umsatzsteuer-ID gem\u00e4\u00df \u00a7 27a Umsatzsteuergesetz:<\/strong><br>Keine Umsatzsteuer-ID vorhanden (Kleinunternehmer gem\u00e4\u00df \u00a7 19 UStG).<\/p>\n\n\n\n<p><strong>Redaktionell verantwortlich gem\u00e4\u00df \u00a7 18 Abs. 2 MStV:<\/strong><br>Sebastian H\u00f6fer<br>R\u00f6ntgenstra\u00dfe 41<br>08529 Plauen<\/p>\n\n\n\n<hr class=\"wp-block-separator has-alpha-channel-opacity\"\/>\n\n\n\n<h2 class=\"wp-block-heading\" id=\"haftungsausschluss\"><strong>Haftungsausschluss<\/strong><\/h2>\n\n\n\n<h3 class=\"wp-block-heading\" id=\"haftungfrinhalte\"><strong>Haftung f\u00fcr Inhalte<\/strong><\/h3>\n\n\n\n<p>Als Diensteanbieter bin ich gem\u00e4\u00df \u00a7 7 Abs. 1 TMG f\u00fcr eigene Inhalte auf diesen Seiten verantwortlich.<br>Nach \u00a7\u00a7 8 bis 10 TMG besteht jedoch keine Pflicht, \u00fcbermittelte oder gespeicherte fremde Informationen zu \u00fcberwachen oder nach Umst\u00e4nden zu forschen, die auf rechtswidrige T\u00e4tigkeiten hinweisen. Bei Bekanntwerden von Rechtsverletzungen werden entsprechende Inhalte unverz\u00fcglich entfernt.<\/p>\n\n\n\n<h3 class=\"wp-block-heading\" id=\"haftungfrlinks\"><strong>Haftung f\u00fcr Links<\/strong><\/h3>\n\n\n\n<p>Diese Website enth\u00e4lt Links zu externen Websites Dritter, auf deren Inhalte ich keinen Einfluss habe.<br>F\u00fcr die Inhalte der verlinkten Seiten ist stets der jeweilige Anbieter oder Betreiber verantwortlich.<br>Bei Bekanntwerden von Rechtsverst\u00f6\u00dfen entferne ich solche Links umgehend.<\/p>\n\n\n\n<hr class=\"wp-block-separator has-alpha-channel-opacity\"\/>\n\n\n\n<h2 class=\"wp-block-heading\" id=\"urheberrecht\"><strong>Urheberrecht<\/strong><\/h2>\n\n\n\n<p>Alle von mir erstellten Inhalte und Werke auf dieser Website unterliegen dem deutschen Urheberrecht.<br>Vervielf\u00e4ltigung, Bearbeitung, Verbreitung oder jede Art der Verwertung bed\u00fcrfen meiner schriftlichen Zustimmung. Downloads und Kopien dieser Website sind nur f\u00fcr den privaten, nicht kommerziellen Gebrauch gestattet.<\/p>\n\n\n\n<hr class=\"wp-block-separator has-alpha-channel-opacity\"\/>\n\n\n\n<h1 class=\"wp-block-heading\" id=\"datenschutzerklrungdsgvokonform\"><strong>Datenschutzerkl\u00e4rung (DSGVO\u2011konform)<\/strong><\/h1>\n\n\n\n<h2 class=\"wp-block-heading\" id=\"1verantwortlicher\"><strong>1. Verantwortlicher<\/strong><\/h2>\n\n\n\n<p>Sebastian H\u00f6fer<br>R\u00f6ntgenstra\u00dfe 41<br>08529 Plauen<br>E-Mail: sebastian.hoefer@spitzenstadt.de<\/p>\n\n\n\n<hr class=\"wp-block-separator has-alpha-channel-opacity\"\/>\n\n\n\n<h2 class=\"wp-block-heading\" id=\"2erhebungundspeicherungpersonenbezogenerdaten\"><strong>2. Erhebung und Speicherung personenbezogener Daten<\/strong><\/h2>\n\n\n\n<h3 class=\"wp-block-heading\" id=\"beimbesuchderwebsite\"><strong>Beim Besuch der Website<\/strong><\/h3>\n\n\n\n<p>Beim Aufruf dieser Website werden automatisch technische Informationen an den Server \u00fcbertragen, darunter:<\/p>\n\n\n\n<ul class=\"wp-block-list\">\n<li>IP-Adresse<\/li>\n\n\n\n<li>Datum und Uhrzeit des Zugriffs<\/li>\n\n\n\n<li>Browsertyp und -version<\/li>\n\n\n\n<li>Betriebssystem<\/li>\n\n\n\n<li>Referrer-URL<\/li>\n\n\n\n<li>Aufgerufene Seiten<\/li>\n<\/ul>\n\n\n\n<p>Diese Daten dienen der Stabilit\u00e4t und Sicherheit der Website.<br>Rechtsgrundlage: <strong>Art. 6 Abs. 1 lit. f DSGVO<\/strong>.<\/p>\n\n\n\n<hr class=\"wp-block-separator has-alpha-channel-opacity\"\/>\n\n\n\n<h2 class=\"wp-block-heading\" id=\"3kontaktaufnahme\"><strong>3. Kontaktaufnahme<\/strong><\/h2>\n\n\n\n<p>Wenn Sie mich per E-Mail oder Telefon kontaktieren, werden die angegebenen Daten zur Bearbeitung der Anfrage gespeichert. Rechtsgrundlage: <strong>Art. 6 Abs. 1 lit. b DSGVO<\/strong>.<\/p>\n\n\n\n<hr class=\"wp-block-separator has-alpha-channel-opacity\"\/>\n\n\n\n<h2 class=\"wp-block-heading\" id=\"4weitergabevondaten\"><strong>4. Weitergabe von Daten<\/strong><\/h2>\n\n\n\n<p>Personenbezogene Daten werden an Dritte nur weitergegeben, wenn<\/p>\n\n\n\n<ul class=\"wp-block-list\">\n<li>eine gesetzliche Verpflichtung besteht,<\/li>\n\n\n\n<li>dies zur Erf\u00fcllung eines Vertrages erforderlich ist oder<\/li>\n\n\n\n<li>Sie eingewilligt haben.<\/li>\n<\/ul>\n\n\n\n<hr class=\"wp-block-separator has-alpha-channel-opacity\"\/>\n\n\n\n<h2 class=\"wp-block-heading\" id=\"5cookiestracking\"><strong>5. Cookies &amp; Tracking<\/strong><\/h2>\n\n\n\n<p><strong>Diese Website verwendet keine Cookies und kein Tracking.<\/strong><br>(Kein Google Analytics, kein Meta Pixel, keine externen Google Fonts.)<\/p>\n\n\n\n<hr class=\"wp-block-separator has-alpha-channel-opacity\"\/>\n\n\n\n<hr class=\"wp-block-separator has-alpha-channel-opacity\"\/>\n\n\n\n<h2 class=\"wp-block-heading\" id=\"7betroffenenrechtegemart1521dsgvo\"><strong>6. Betroffenenrechte gem\u00e4\u00df Art. 15\u201321 DSGVO<\/strong><\/h2>\n\n\n\n<p>Sie haben das Recht auf<\/p>\n\n\n\n<ul class=\"wp-block-list\">\n<li>Auskunft,<\/li>\n\n\n\n<li>Berichtigung,<\/li>\n\n\n\n<li>L\u00f6schung,<\/li>\n\n\n\n<li>Einschr\u00e4nkung der Verarbeitung,<\/li>\n\n\n\n<li>Daten\u00fcbertragbarkeit,<\/li>\n\n\n\n<li>Widerspruch gegen die Verarbeitung.<\/li>\n<\/ul>\n\n\n\n<p>Wenden Sie sich hierzu an:<br>sebastian.hoefer@spitzenstadt.de<\/p>\n\n\n\n<hr class=\"wp-block-separator has-alpha-channel-opacity\"\/>\n\n\n\n<h2 class=\"wp-block-heading\" id=\"8datensicherheit\"><strong>7. Datensicherheit<\/strong><\/h2>\n\n\n\n<p>Diese Website nutzt SSL\u2011Verschl\u00fcsselung sowie technische und organisatorische Ma\u00dfnahmen zum Schutz Ihrer Daten.<\/p>\n\n\n\n<hr class=\"wp-block-separator has-alpha-channel-opacity\"\/>\n\n\n\n<h2 class=\"wp-block-heading\" id=\"9aktualitt\"><strong>8. Aktualit\u00e4t<\/strong><\/h2>\n\n\n\n<p>Diese Datenschutzerkl\u00e4rung ist aktuell g\u00fcltig und entspricht dem Stand <strong>April 2026<\/strong>.<br>Sie wird bei rechtlichen \u00c4nderungen angepasst.<\/p>\n\n\n\n<hr class=\"wp-block-separator has-alpha-channel-opacity\"\/>\n","protected":false},"excerpt":{"rendered":"<p>Angaben gem\u00e4\u00df \u00a7 5 TMG \/ \u00a7 18 Abs. 2 MStV Sebastian H\u00f6ferR\u00f6ntgenstra\u00dfe 4108529 PlauenDeutschland Kontakt:Telefon: +49 (0) 176 10361911E\u2011Mail: sebastian.hoefer@spitzenstadt.de Umsatzsteuer-ID gem\u00e4\u00df \u00a7 27a Umsatzsteuergesetz:Keine Umsatzsteuer-ID vorhanden (Kleinunternehmer gem\u00e4\u00df \u00a7 19 UStG). Redaktionell verantwortlich gem\u00e4\u00df \u00a7 18 Abs. 2 MStV:Sebastian H\u00f6ferR\u00f6ntgenstra\u00dfe 4108529 Plauen Haftungsausschluss Haftung f\u00fcr Inhalte Als Diensteanbieter [&hellip;]<\/p>\n","protected":false},"author":1,"featured_media":0,"parent":0,"menu_order":0,"comment_status":"closed","ping_status":"closed","template":"","meta":{"footnotes":""},"class_list":["post-97","page","type-page","status-publish","hentry"],"_links":{"self":[{"href":"https:\/\/sebastian-hoefer.de\/index.php\/wp-json\/wp\/v2\/pages\/97","targetHints":{"allow":["GET"]}}],"collection":[{"href":"https:\/\/sebastian-hoefer.de\/index.php\/wp-json\/wp\/v2\/pages"}],"about":[{"href":"https:\/\/sebastian-hoefer.de\/index.php\/wp-json\/wp\/v2\/types\/page"}],"author":[{"embeddable":true,"href":"https:\/\/sebastian-hoefer.de\/index.php\/wp-json\/wp\/v2\/users\/1"}],"replies":[{"embeddable":true,"href":"https:\/\/sebastian-hoefer.de\/index.php\/wp-json\/wp\/v2\/comments?post=97"}],"version-history":[{"count":2,"href":"https:\/\/sebastian-hoefer.de\/index.php\/wp-json\/wp\/v2\/pages\/97\/revisions"}],"predecessor-version":[{"id":100,"href":"https:\/\/sebastian-hoefer.de\/index.php\/wp-json\/wp\/v2\/pages\/97\/revisions\/100"}],"wp:attachment":[{"href":"https:\/\/sebastian-hoefer.de\/index.php\/wp-json\/wp\/v2\/media?parent=97"}],"curies":[{"name":"wp","href":"https:\/\/api.w.org\/{rel}","templated":true}]}}